{"id":1450,"date":"2025-02-16T16:47:54","date_gmt":"2025-02-16T15:47:54","guid":{"rendered":"https:\/\/viacure.de\/imprint\/"},"modified":"2025-05-05T14:46:28","modified_gmt":"2025-05-05T12:46:28","slug":"imprint","status":"publish","type":"page","link":"https:\/\/viacure.de\/en\/imprint\/","title":{"rendered":"Imprint"},"content":{"rendered":"\t\t<div data-elementor-type=\"wp-page\" data-elementor-id=\"1450\" class=\"elementor elementor-1450 elementor-179\" data-elementor-post-type=\"page\">\n\t\t\t\t<div class=\"elementor-element elementor-element-7233b38b e-flex e-con-boxed e-con e-parent\" data-id=\"7233b38b\" data-element_type=\"container\" data-e-type=\"container\">\n\t\t\t\t\t<div class=\"e-con-inner\">\n\t\t\t\t<div class=\"elementor-element elementor-element-be9cf7f elementor-widget elementor-widget-breadcrumbs\" data-id=\"be9cf7f\" data-element_type=\"widget\" data-e-type=\"widget\" data-widget_type=\"breadcrumbs.default\">\n\t\t\t\t\t<p id=\"breadcrumbs\"><span><span><a href=\"https:\/\/viacure.de\/en\/\">Home<\/a><\/span><\/span><\/p>\t\t\t\t<\/div>\n\t\t\t\t<div class=\"elementor-element elementor-element-9fc6587 elementor-widget elementor-widget-heading\" data-id=\"9fc6587\" data-element_type=\"widget\" data-e-type=\"widget\" data-widget_type=\"heading.default\">\n\t\t\t\t\t<h2 class=\"elementor-heading-title elementor-size-default\">Imprint<\/h2>\t\t\t\t<\/div>\n\t\t<div class=\"elementor-element elementor-element-e98fd9c e-con-full e-flex e-con e-child\" data-id=\"e98fd9c\" data-element_type=\"container\" data-e-type=\"container\">\n\t\t\t\t<div class=\"elementor-element elementor-element-db8720 elementor-widget elementor-widget-text-editor\" data-id=\"db8720\" data-element_type=\"widget\" data-e-type=\"widget\" data-widget_type=\"text-editor.default\">\n\t\t\t\t\t\t\t\t\t<p><strong>Viacure GmbH<\/strong><\/p>\n<p>S\u00fcdliche M\u00fcnchner Stra\u00dfe 4<br>82031 Gr\u00fcnwald<br>Tel.: 089\/96 99 165-0<br>Fax: 089\/96 99 165-29<br>E-mail: info@viacure.de<br>Internet: www.viacure.de<\/p>\n<p>Register Court Munich, HRB 286122<br>Tax number 143\/190\/12738<br>Value Added Tax Act: DE363794249.<\/p>\n<p>Personally liable partner: Viacure GmbH<br>Register court Munich, HRB 286122<br>Managing director authorized to represent the company: Dr. Nikolas Uez<\/p>\n<p>Responsible for content according to \u00a7 55 Abs. 2 RStV: Dr. Nikolas Uez <\/p>\n<p>Liability and legal information:<\/p>\n<p>Despite careful control of the content, we assume no liability for the content of external links. The operators of the linked pages are solely responsible for their content. <\/p>\t\t\t\t\t\t\t\t<\/div>\n\t\t\t\t<\/div>\n\t\t\t\t\t<\/div>\n\t\t\t\t<\/div>\n\t\t\t\t<\/div>\n\t\t","protected":false},"excerpt":{"rendered":"<p>Imprint Viacure GmbH S\u00fcdliche M\u00fcnchner Stra\u00dfe 482031 Gr\u00fcnwaldTel.: 089\/96 99 165-0Fax: 089\/96 99 165-29E-mail: info@viacure.deInternet: www.viacure.de Register Court Munich, HRB 286122Tax number 143\/190\/12738Value Added Tax Act: DE363794249. Personally liable partner: Viacure GmbHRegister court Munich, HRB 286122Managing director authorized to represent the company: Dr. Nikolas Uez Responsible for content according to \u00a7 55 Abs. 2 RStV: [&hellip;]<\/p>\n","protected":false},"author":1,"featured_media":0,"parent":0,"menu_order":0,"comment_status":"closed","ping_status":"closed","template":"","meta":{"footnotes":""},"class_list":["post-1450","page","type-page","status-publish","hentry"],"yoast_head":"<!-- This site is optimized with the Yoast SEO plugin v27.3 - https:\/\/yoast.com\/product\/yoast-seo-wordpress\/ -->\n<title>Imprint - Viacure GmbH<\/title>\n<meta name=\"robots\" content=\"index, follow, max-snippet:-1, max-image-preview:large, max-video-preview:-1\" \/>\n<link rel=\"canonical\" href=\"https:\/\/viacure.de\/en\/imprint\/\" \/>\n<meta property=\"og:locale\" content=\"en_US\" \/>\n<meta property=\"og:type\" content=\"article\" \/>\n<meta property=\"og:title\" content=\"Imprint - Viacure GmbH\" \/>\n<meta property=\"og:description\" content=\"Imprint Viacure GmbH S\u00fcdliche M\u00fcnchner Stra\u00dfe 482031 Gr\u00fcnwaldTel.: 089\/96 99 165-0Fax: 089\/96 99 165-29E-mail: info@viacure.deInternet: www.viacure.de Register Court Munich, HRB 286122Tax number 143\/190\/12738Value Added Tax Act: DE363794249. Personally liable partner: Viacure GmbHRegister court Munich, HRB 286122Managing director authorized to represent the company: Dr. Nikolas Uez Responsible for content according to \u00a7 55 Abs. 2 RStV: [&hellip;]\" \/>\n<meta property=\"og:url\" content=\"https:\/\/viacure.de\/en\/imprint\/\" \/>\n<meta property=\"og:site_name\" content=\"Viacure GmbH\" \/>\n<meta property=\"article:modified_time\" content=\"2025-05-05T12:46:28+00:00\" \/>\n<meta property=\"og:image\" content=\"https:\/\/viacure.de\/wp-content\/uploads\/2025\/04\/hero.jpg\" \/>\n\t<meta property=\"og:image:width\" content=\"1920\" \/>\n\t<meta property=\"og:image:height\" content=\"1080\" \/>\n\t<meta property=\"og:image:type\" content=\"image\/jpeg\" \/>\n<meta name=\"twitter:card\" content=\"summary_large_image\" \/>\n<script type=\"application\/ld+json\" class=\"yoast-schema-graph\">{\"@context\":\"https:\\\/\\\/schema.org\",\"@graph\":[{\"@type\":\"WebPage\",\"@id\":\"https:\\\/\\\/viacure.de\\\/en\\\/imprint\\\/\",\"url\":\"https:\\\/\\\/viacure.de\\\/en\\\/imprint\\\/\",\"name\":\"Imprint - Viacure GmbH\",\"isPartOf\":{\"@id\":\"https:\\\/\\\/viacure.de\\\/en\\\/#website\"},\"datePublished\":\"2025-02-16T15:47:54+00:00\",\"dateModified\":\"2025-05-05T12:46:28+00:00\",\"breadcrumb\":{\"@id\":\"https:\\\/\\\/viacure.de\\\/en\\\/imprint\\\/#breadcrumb\"},\"inLanguage\":\"en-US\",\"potentialAction\":[{\"@type\":\"ReadAction\",\"target\":[\"https:\\\/\\\/viacure.de\\\/en\\\/imprint\\\/\"]}]},{\"@type\":\"BreadcrumbList\",\"@id\":\"https:\\\/\\\/viacure.de\\\/en\\\/imprint\\\/#breadcrumb\",\"itemListElement\":[{\"@type\":\"ListItem\",\"position\":1,\"name\":\"Home\",\"item\":\"https:\\\/\\\/viacure.de\\\/en\\\/\"},{\"@type\":\"ListItem\",\"position\":2,\"name\":\"Imprint\"}]},{\"@type\":\"WebSite\",\"@id\":\"https:\\\/\\\/viacure.de\\\/en\\\/#website\",\"url\":\"https:\\\/\\\/viacure.de\\\/en\\\/\",\"name\":\"Viacure GmbH\",\"description\":\"\",\"publisher\":{\"@id\":\"https:\\\/\\\/viacure.de\\\/en\\\/#organization\"},\"potentialAction\":[{\"@type\":\"SearchAction\",\"target\":{\"@type\":\"EntryPoint\",\"urlTemplate\":\"https:\\\/\\\/viacure.de\\\/en\\\/?s={search_term_string}\"},\"query-input\":{\"@type\":\"PropertyValueSpecification\",\"valueRequired\":true,\"valueName\":\"search_term_string\"}}],\"inLanguage\":\"en-US\"},{\"@type\":\"Organization\",\"@id\":\"https:\\\/\\\/viacure.de\\\/en\\\/#organization\",\"name\":\"Viacure GmbH\",\"url\":\"https:\\\/\\\/viacure.de\\\/en\\\/\",\"logo\":{\"@type\":\"ImageObject\",\"inLanguage\":\"en-US\",\"@id\":\"https:\\\/\\\/viacure.de\\\/en\\\/#\\\/schema\\\/logo\\\/image\\\/\",\"url\":\"https:\\\/\\\/viacure.de\\\/wp-content\\\/uploads\\\/2025\\\/02\\\/viacure_Logo_WB_rgb_blue_100x30.svg\",\"contentUrl\":\"https:\\\/\\\/viacure.de\\\/wp-content\\\/uploads\\\/2025\\\/02\\\/viacure_Logo_WB_rgb_blue_100x30.svg\",\"width\":297,\"height\":85,\"caption\":\"Viacure GmbH\"},\"image\":{\"@id\":\"https:\\\/\\\/viacure.de\\\/en\\\/#\\\/schema\\\/logo\\\/image\\\/\"}}]}<\/script>\n<!-- \/ Yoast SEO plugin. -->","yoast_head_json":{"title":"Imprint - Viacure GmbH","robots":{"index":"index","follow":"follow","max-snippet":"max-snippet:-1","max-image-preview":"max-image-preview:large","max-video-preview":"max-video-preview:-1"},"canonical":"https:\/\/viacure.de\/en\/imprint\/","og_locale":"en_US","og_type":"article","og_title":"Imprint - Viacure GmbH","og_description":"Imprint Viacure GmbH S\u00fcdliche M\u00fcnchner Stra\u00dfe 482031 Gr\u00fcnwaldTel.: 089\/96 99 165-0Fax: 089\/96 99 165-29E-mail: info@viacure.deInternet: www.viacure.de Register Court Munich, HRB 286122Tax number 143\/190\/12738Value Added Tax Act: DE363794249. Personally liable partner: Viacure GmbHRegister court Munich, HRB 286122Managing director authorized to represent the company: Dr. Nikolas Uez Responsible for content according to \u00a7 55 Abs. 2 RStV: [&hellip;]","og_url":"https:\/\/viacure.de\/en\/imprint\/","og_site_name":"Viacure GmbH","article_modified_time":"2025-05-05T12:46:28+00:00","og_image":[{"width":1920,"height":1080,"url":"https:\/\/viacure.de\/wp-content\/uploads\/2025\/04\/hero.jpg","type":"image\/jpeg"}],"twitter_card":"summary_large_image","schema":{"@context":"https:\/\/schema.org","@graph":[{"@type":"WebPage","@id":"https:\/\/viacure.de\/en\/imprint\/","url":"https:\/\/viacure.de\/en\/imprint\/","name":"Imprint - Viacure GmbH","isPartOf":{"@id":"https:\/\/viacure.de\/en\/#website"},"datePublished":"2025-02-16T15:47:54+00:00","dateModified":"2025-05-05T12:46:28+00:00","breadcrumb":{"@id":"https:\/\/viacure.de\/en\/imprint\/#breadcrumb"},"inLanguage":"en-US","potentialAction":[{"@type":"ReadAction","target":["https:\/\/viacure.de\/en\/imprint\/"]}]},{"@type":"BreadcrumbList","@id":"https:\/\/viacure.de\/en\/imprint\/#breadcrumb","itemListElement":[{"@type":"ListItem","position":1,"name":"Home","item":"https:\/\/viacure.de\/en\/"},{"@type":"ListItem","position":2,"name":"Imprint"}]},{"@type":"WebSite","@id":"https:\/\/viacure.de\/en\/#website","url":"https:\/\/viacure.de\/en\/","name":"Viacure GmbH","description":"","publisher":{"@id":"https:\/\/viacure.de\/en\/#organization"},"potentialAction":[{"@type":"SearchAction","target":{"@type":"EntryPoint","urlTemplate":"https:\/\/viacure.de\/en\/?s={search_term_string}"},"query-input":{"@type":"PropertyValueSpecification","valueRequired":true,"valueName":"search_term_string"}}],"inLanguage":"en-US"},{"@type":"Organization","@id":"https:\/\/viacure.de\/en\/#organization","name":"Viacure GmbH","url":"https:\/\/viacure.de\/en\/","logo":{"@type":"ImageObject","inLanguage":"en-US","@id":"https:\/\/viacure.de\/en\/#\/schema\/logo\/image\/","url":"https:\/\/viacure.de\/wp-content\/uploads\/2025\/02\/viacure_Logo_WB_rgb_blue_100x30.svg","contentUrl":"https:\/\/viacure.de\/wp-content\/uploads\/2025\/02\/viacure_Logo_WB_rgb_blue_100x30.svg","width":297,"height":85,"caption":"Viacure GmbH"},"image":{"@id":"https:\/\/viacure.de\/en\/#\/schema\/logo\/image\/"}}]}},"_links":{"self":[{"href":"https:\/\/viacure.de\/en\/wp-json\/wp\/v2\/pages\/1450","targetHints":{"allow":["GET"]}}],"collection":[{"href":"https:\/\/viacure.de\/en\/wp-json\/wp\/v2\/pages"}],"about":[{"href":"https:\/\/viacure.de\/en\/wp-json\/wp\/v2\/types\/page"}],"author":[{"embeddable":true,"href":"https:\/\/viacure.de\/en\/wp-json\/wp\/v2\/users\/1"}],"replies":[{"embeddable":true,"href":"https:\/\/viacure.de\/en\/wp-json\/wp\/v2\/comments?post=1450"}],"version-history":[{"count":0,"href":"https:\/\/viacure.de\/en\/wp-json\/wp\/v2\/pages\/1450\/revisions"}],"wp:attachment":[{"href":"https:\/\/viacure.de\/en\/wp-json\/wp\/v2\/media?parent=1450"}],"curies":[{"name":"wp","href":"https:\/\/api.w.org\/{rel}","templated":true}]}}